{"id":221,"date":"2021-02-18T12:53:40","date_gmt":"2021-02-18T12:53:40","guid":{"rendered":"http:\/\/www.svatbapodlepeti.cz\/?page_id=221"},"modified":"2025-02-15T09:35:08","modified_gmt":"2025-02-15T09:35:08","slug":"cenik","status":"publish","type":"page","link":"https:\/\/www.svatbapodlepeti.cz\/index.php\/cenik\/","title":{"rendered":"Cen\u00edk"},"content":{"rendered":"\n<h2 class=\"has-text-color wp-block-heading\" style=\"color:#d8ad3e\">Svatba<\/h2>\n\n\n\n<p>Ka\u017ed\u00fd klient je specifick\u00fd, m\u00e1 r\u016fzn\u00e9 po\u017eadavky a p\u0159edstavy. Pokud se rozhodnete pro svatebn\u00ed koordin\u00e1torku, z\u00e1le\u017e\u00ed jen na V\u00e1s, jak moc se svatbou pot\u0159ebujete pomoci. Koordinace za\u010d\u00edn\u00e1 u\u017e n\u011bkolik t\u00fddn\u016f \u010di m\u011bs\u00edc\u016f p\u0159ed svatebn\u00edm dnem. P\u0159esnou kalkulaci obdr\u017e\u00edte po na\u0161\u00ed prvn\u00ed sch\u016fzce. V\u0161e je na domluv\u011b a konkr\u00e9tn\u00edch po\u017eadavc\u00edch.<\/p>\n\n\n\n<div class=\"wp-block-columns is-layout-flex wp-container-core-columns-is-layout-1 wp-block-columns-is-layout-flex\">\n<div class=\"wp-block-column is-vertically-aligned-center is-layout-flow wp-block-column-is-layout-flow\" style=\"flex-basis:33.33%\"><\/div>\n<\/div>\n\n\n\n<div class=\"wp-block-columns is-layout-flex wp-container-core-columns-is-layout-2 wp-block-columns-is-layout-flex\">\n<div class=\"wp-block-column is-layout-flow wp-block-column-is-layout-flow\" style=\"flex-basis:66.66%\">\n<h2 class=\"has-text-align-left has-text-color wp-block-heading\" style=\"color:#d8ad3e\"><strong><strong><strong>\u200bPoradenstv\u00ed a konzultace<\/strong><\/strong><\/strong><\/h2>\n\n\n\n<p class=\"has-text-align-left has-small-font-size\">Pom\u016f\u017eu V\u00e1m ut\u0159\u00eddit my\u0161lenky a doladit cel\u00fd koncept svatby. Projdeme v\u0161e spole\u010dn\u011b krok po kroku a \u0159eknu V\u00e1m, co je pot\u0159eba za\u0159\u00eddit. Vybereme svatebn\u00ed m\u00edsto. Vylad\u00edme, jak by m\u011bl vypadat V\u00e1\u0161 svatebn\u00ed den a harmonogram. Doporu\u010d\u00edm kvalitn\u00ed a spolehliv\u00e9 dodavatele. Prost\u011b se zam\u011b\u0159\u00edme na to, co V\u00e1s zaj\u00edm\u00e1 a tr\u00e1p\u00ed.<\/p>\n\n\n\n<hr class=\"wp-block-separator\"\/>\n<\/div>\n\n\n\n<div class=\"wp-block-column is-vertically-aligned-center is-layout-flow wp-block-column-is-layout-flow\" style=\"flex-basis:33.33%\">\n<p class=\"has-text-color\" style=\"color:#d8ad3e\"><strong><strong>350K\u010d\/hod<\/strong><\/strong><\/p>\n<\/div>\n<\/div>\n\n\n\n<div class=\"wp-block-columns is-layout-flex wp-container-core-columns-is-layout-3 wp-block-columns-is-layout-flex\">\n<div class=\"wp-block-column is-layout-flow wp-block-column-is-layout-flow\" style=\"flex-basis:66.66%\">\n<h2 class=\"has-text-align-left has-text-color wp-block-heading\" style=\"color:#d8ad3e\"><strong><strong><strong><strong>Koordinace ob\u0159adu<\/strong><\/strong><\/strong><\/strong><\/h2>\n\n\n\n<p class=\"has-text-align-left has-small-font-size\">P\u0159ed svatbou se sejdeme, v\u00edt\u00e1n\u00ed a usazen\u00ed host\u016f, domluva s matrikou, koordinace n\u00e1stupu, pr\u016fb\u011bhu, gratulace, zakon\u010den\u00ed ob\u0159adu i\u00a0focen\u00ed po ob\u0159adu.\u00a0<\/p>\n\n\n\n<hr class=\"wp-block-separator\"\/>\n<\/div>\n\n\n\n<div class=\"wp-block-column is-vertically-aligned-center is-layout-flow wp-block-column-is-layout-flow\" style=\"flex-basis:33.33%\">\n<p class=\"has-text-color\" style=\"color:#d8ad3e\"><strong><strong><strong>6.000K\u010d<\/strong><\/strong><\/strong><\/p>\n<\/div>\n<\/div>\n\n\n\n<div class=\"wp-block-columns is-layout-flex wp-container-core-columns-is-layout-4 wp-block-columns-is-layout-flex\"><\/div>\n\n\n\n<div class=\"wp-block-columns is-layout-flex wp-container-core-columns-is-layout-5 wp-block-columns-is-layout-flex\">\n<div class=\"wp-block-column is-layout-flow wp-block-column-is-layout-flow\" style=\"flex-basis:66.66%\">\n<h2 class=\"has-text-align-left has-text-color wp-block-heading\" style=\"color:#d8ad3e\"><strong><strong><strong><strong><strong><strong>Koordinace ob\u0159adu a hostiny<\/strong><\/strong><\/strong><\/strong><\/strong><\/strong><\/h2>\n\n\n\n<p class=\"has-text-align-left has-small-font-size\">P\u0159ed svatbou se sejdeme, podpora na telefonu nebo mailu, sestaven\u00ed harmonogramu, koordinace p\u0159\u00edprav, p\u00e9\u010de o nev\u011bstu, \u017eenicha i hosty, organizace ob\u0159adu, focen\u00ed a n\u00e1sledn\u00fd p\u0159esun na hostinu, zaji\u0161t\u011bn\u00ed v\u011bc\u00ed na svatebn\u00ed tradice a bezprobl\u00e9mov\u00fd pr\u016fb\u011bh svatebn\u00ed hostiny.<\/p>\n\n\n\n<hr class=\"wp-block-separator\"\/>\n<\/div>\n\n\n\n<div class=\"wp-block-column is-layout-flow wp-block-column-is-layout-flow\"><\/div>\n\n\n\n<div class=\"wp-block-column is-vertically-aligned-center is-layout-flow wp-block-column-is-layout-flow\" style=\"flex-basis:33.33%\">\n<p class=\"has-text-color\" style=\"color:#d8ad3e\"><strong><strong><strong>8.000K\u010d<\/strong><\/strong><\/strong><\/p>\n<\/div>\n<\/div>\n\n\n\n<div class=\"wp-block-columns is-layout-flex wp-container-core-columns-is-layout-6 wp-block-columns-is-layout-flex\">\n<div class=\"wp-block-column is-layout-flow wp-block-column-is-layout-flow\" style=\"flex-basis:66.66%\">\n<h2 class=\"has-text-align-left has-text-color wp-block-heading\" style=\"color:#d8ad3e\"><strong><strong><strong><strong><strong><strong><strong><strong>Koordinace cel\u00e9ho svatebn\u00edho dne<\/strong><\/strong><\/strong><\/strong><\/strong><\/strong><\/strong><\/strong><\/h2>\n\n\n\n<p class=\"has-text-align-left has-small-font-size\">P\u0159ed svatbou se sejdeme, st\u00e1l\u00e1 podpora na telefonu a mailu, sestaven\u00ed harmonogramu, koordinace se v\u0161emi dodavateli, matrikou, dohl\u00e9dnu na p\u0159\u00edpravy, dekoraci, ob\u0159ad, focen\u00ed, hostinu, svatebn\u00ed zvyky, party. Zkr\u00e1tka zajist\u00edm v\u0161e, aby V\u00e1\u0161 svatebn\u00ed den prob\u00edhal hladce a bez probl\u00e9m\u016f.\u00a0<\/p>\n\n\n\n<hr class=\"wp-block-separator\"\/>\n<\/div>\n\n\n\n<div class=\"wp-block-column is-layout-flow wp-block-column-is-layout-flow\"><\/div>\n\n\n\n<div class=\"wp-block-column is-vertically-aligned-center is-layout-flow wp-block-column-is-layout-flow\" style=\"flex-basis:33.33%\">\n<p class=\"has-text-color\" style=\"color:#d8ad3e\"><strong><strong><strong><strong>10.000-12.000K\u010d<\/strong><\/strong><\/strong><\/strong><\/p>\n<\/div>\n<\/div>\n\n\n\n<div class=\"wp-block-columns is-layout-flex wp-container-core-columns-is-layout-7 wp-block-columns-is-layout-flex\"><\/div>\n\n\n\n<div class=\"wp-block-columns is-layout-flex wp-container-core-columns-is-layout-8 wp-block-columns-is-layout-flex\"><\/div>\n\n\n\n<div class=\"wp-block-columns is-layout-flex wp-container-core-columns-is-layout-9 wp-block-columns-is-layout-flex\">\n<div class=\"wp-block-column is-layout-flow wp-block-column-is-layout-flow\" style=\"flex-basis:66.66%\">\n<h2 class=\"has-text-align-left has-text-color wp-block-heading\" style=\"color:#d8ad3e\"><strong><strong><strong><strong><strong><strong><strong><strong><strong><strong>Asistent svatebn\u00edho koordin\u00e1tora<\/strong><\/strong><\/strong><\/strong><\/strong><\/strong><\/strong><\/strong><\/strong><\/strong><\/h2>\n\n\n\n<p class=\"has-text-align-left has-small-font-size\">Pro bezprobl\u00e9mov\u00fd a lep\u0161\u00ed pr\u016fb\u011bh svatby doporu\u010duji od 70 &#8211; 80 osob asistentku koordin\u00e1torky.<\/p>\n\n\n\n<hr class=\"wp-block-separator\"\/>\n<\/div>\n\n\n\n<div class=\"wp-block-column is-layout-flow wp-block-column-is-layout-flow\"><\/div>\n\n\n\n<div class=\"wp-block-column is-vertically-aligned-center is-layout-flow wp-block-column-is-layout-flow\" style=\"flex-basis:33.33%\">\n<p class=\"has-text-color\" style=\"color:#d8ad3e\"><strong><strong><strong><strong><strong>dle dohody<\/strong><\/strong><\/strong><\/strong><\/strong><\/p>\n<\/div>\n<\/div>\n\n\n\n<div class=\"wp-block-columns is-layout-flex wp-container-core-columns-is-layout-10 wp-block-columns-is-layout-flex\">\n<div class=\"wp-block-column is-layout-flow wp-block-column-is-layout-flow\" style=\"flex-basis:66.66%\">\n<h2 class=\"has-text-align-left has-text-color wp-block-heading\" style=\"color:#d8ad3e\"><strong><strong><strong><strong><strong><strong><strong><strong><strong><strong><strong>Doprava<\/strong><\/strong><\/strong><\/strong><\/strong><\/strong><\/strong><\/strong><\/strong><\/strong><\/strong><\/h2>\n\n\n\n<p class=\"has-text-align-left has-small-font-size\">Doprava okolo&nbsp;P\u0159\u00edbrami do 15 km zdarma<\/p>\n\n\n\n<hr class=\"wp-block-separator\"\/>\n<\/div>\n\n\n\n<div class=\"wp-block-column is-layout-flow wp-block-column-is-layout-flow\"><\/div>\n\n\n\n<div class=\"wp-block-column is-vertically-aligned-center is-layout-flow wp-block-column-is-layout-flow\" style=\"flex-basis:33.33%\">\n<p class=\"has-text-color\" style=\"color:#d8ad3e\"><strong><strong><strong><strong><strong><strong>10 K\u010d\/<\/strong><\/strong><\/strong><\/strong><\/strong>km<\/strong><\/p>\n<\/div>\n<\/div>\n\n\n\n<div class=\"wp-block-columns is-layout-flex wp-container-core-columns-is-layout-11 wp-block-columns-is-layout-flex\">\n<div class=\"wp-block-column is-layout-flow wp-block-column-is-layout-flow\"><\/div>\n\n\n\n<div class=\"wp-block-column is-vertically-aligned-center is-layout-flow wp-block-column-is-layout-flow\" style=\"flex-basis:33.33%\"><\/div>\n<\/div>\n\n\n\n<div class=\"wp-block-columns is-layout-flex wp-container-core-columns-is-layout-12 wp-block-columns-is-layout-flex\">\n<div class=\"wp-block-column is-layout-flow wp-block-column-is-layout-flow\"><\/div>\n\n\n\n<div class=\"wp-block-column is-vertically-aligned-center is-layout-flow wp-block-column-is-layout-flow\" style=\"flex-basis:33.33%\">\n<p class=\"has-text-color\" style=\"color:#d8ad3e\"><\/p>\n<\/div>\n<\/div>\n\n\n\n<div class=\"wp-block-contact-form-7-contact-form-selector\"><div role=\"form\" class=\"wpcf7\" id=\"wpcf7-f227-o1\" lang=\"cs-CZ\" dir=\"ltr\">\n<div class=\"screen-reader-response\"><p role=\"status\" aria-live=\"polite\" aria-atomic=\"true\"><\/p> <ul><\/ul><\/div>\n<form action=\"\/index.php\/wp-json\/wp\/v2\/pages\/221#wpcf7-f227-o1\" method=\"post\" class=\"wpcf7-form init\" novalidate=\"novalidate\" data-status=\"init\">\n<div style=\"display: none;\">\n<input type=\"hidden\" name=\"_wpcf7\" value=\"227\" \/>\n<input type=\"hidden\" name=\"_wpcf7_version\" value=\"5.3.2\" \/>\n<input type=\"hidden\" name=\"_wpcf7_locale\" value=\"cs_CZ\" \/>\n<input type=\"hidden\" name=\"_wpcf7_unit_tag\" value=\"wpcf7-f227-o1\" \/>\n<input type=\"hidden\" name=\"_wpcf7_container_post\" value=\"0\" \/>\n<input type=\"hidden\" name=\"_wpcf7_posted_data_hash\" value=\"\" \/>\n<\/div>\n<p><label> Va\u0161e jm\u00e9no<br \/>\n    <span class=\"wpcf7-form-control-wrap your-name\"><input type=\"text\" name=\"your-name\" value=\"\" size=\"40\" class=\"wpcf7-form-control wpcf7-text wpcf7-validates-as-required\" aria-required=\"true\" aria-invalid=\"false\" \/><\/span> <\/label><\/p>\n<p><label> V\u00e1\u0161 e-mail<br \/>\n    <span class=\"wpcf7-form-control-wrap your-email\"><input type=\"email\" name=\"your-email\" value=\"\" size=\"40\" class=\"wpcf7-form-control wpcf7-text wpcf7-email wpcf7-validates-as-required wpcf7-validates-as-email\" aria-required=\"true\" aria-invalid=\"false\" \/><\/span> <\/label><\/p>\n<p><label> P\u0159edm\u011bt<br \/>\n    <span class=\"wpcf7-form-control-wrap your-subject\"><input type=\"text\" name=\"your-subject\" value=\"\" size=\"40\" class=\"wpcf7-form-control wpcf7-text wpcf7-validates-as-required\" aria-required=\"true\" aria-invalid=\"false\" \/><\/span> <\/label><\/p>\n<p><label> Va\u0161e zpr\u00e1va (voliteln\u00fd)<br \/>\n    <span class=\"wpcf7-form-control-wrap your-message\"><textarea name=\"your-message\" cols=\"40\" rows=\"10\" class=\"wpcf7-form-control wpcf7-textarea\" aria-invalid=\"false\"><\/textarea><\/span> <\/label><\/p>\n<p><input type=\"submit\" value=\"Odeslat\" class=\"wpcf7-form-control wpcf7-submit\" \/><\/p>\n<div class=\"wpcf7-response-output\" aria-hidden=\"true\"><\/div><\/form><\/div><\/div>\n","protected":false},"excerpt":{"rendered":"<p>Svatba Ka\u017ed\u00fd klient je specifick\u00fd, m\u00e1 r\u016fzn\u00e9 po\u017eadavky a p\u0159edstavy. Pokud se rozhodnete pro svatebn\u00ed koordin\u00e1torku, z\u00e1le\u017e\u00ed jen na V\u00e1s, jak moc se svatbou pot\u0159ebujete pomoci. Koordinace za\u010d\u00edn\u00e1 u\u017e n\u011bkolik t\u00fddn\u016f \u010di m\u011bs\u00edc\u016f p\u0159ed svatebn\u00edm dnem. P\u0159esnou kalkulaci obdr\u017e\u00edte po na\u0161\u00ed prvn\u00ed sch\u016fzce. V\u0161e je na domluv\u011b a konkr\u00e9tn\u00edch po\u017eadavc\u00edch. \u200bPoradenstv\u00ed a konzultace Pom\u016f\u017eu V\u00e1m ut\u0159\u00eddit my\u0161lenky a doladit cel\u00fd koncept svatby. Projdeme v\u0161e spole\u010dn\u011b krok po kroku a \u0159eknu &hellip; <\/p>\n","protected":false},"author":1,"featured_media":0,"parent":0,"menu_order":0,"comment_status":"closed","ping_status":"closed","template":"","meta":{"footnotes":""},"class_list":["post-221","page","type-page","status-publish","hentry"],"_links":{"self":[{"href":"https:\/\/www.svatbapodlepeti.cz\/index.php\/wp-json\/wp\/v2\/pages\/221","targetHints":{"allow":["GET"]}}],"collection":[{"href":"https:\/\/www.svatbapodlepeti.cz\/index.php\/wp-json\/wp\/v2\/pages"}],"about":[{"href":"https:\/\/www.svatbapodlepeti.cz\/index.php\/wp-json\/wp\/v2\/types\/page"}],"author":[{"embeddable":true,"href":"https:\/\/www.svatbapodlepeti.cz\/index.php\/wp-json\/wp\/v2\/users\/1"}],"replies":[{"embeddable":true,"href":"https:\/\/www.svatbapodlepeti.cz\/index.php\/wp-json\/wp\/v2\/comments?post=221"}],"version-history":[{"count":38,"href":"https:\/\/www.svatbapodlepeti.cz\/index.php\/wp-json\/wp\/v2\/pages\/221\/revisions"}],"predecessor-version":[{"id":620,"href":"https:\/\/www.svatbapodlepeti.cz\/index.php\/wp-json\/wp\/v2\/pages\/221\/revisions\/620"}],"wp:attachment":[{"href":"https:\/\/www.svatbapodlepeti.cz\/index.php\/wp-json\/wp\/v2\/media?parent=221"}],"curies":[{"name":"wp","href":"https:\/\/api.w.org\/{rel}","templated":true}]}}